{"id":299,"date":"2025-10-17T11:57:44","date_gmt":"2025-10-17T11:57:44","guid":{"rendered":"https:\/\/groupebaronello.com\/contact-us\/"},"modified":"2025-11-24T16:36:45","modified_gmt":"2025-11-24T16:36:45","slug":"nous-contacter","status":"publish","type":"page","link":"https:\/\/groupebaronello.com\/fr\/nous-contacter\/","title":{"rendered":"Nous contacter"},"content":{"rendered":"\n\t<section class=\"section sec-overlay\" id=\"section_1235147256\">\n\t\t<div class=\"section-bg fill\" >\n\t\t\t<img loading=\"lazy\" decoding=\"async\" width=\"1920\" height=\"650\" src=\"https:\/\/groupebaronello.com\/wp-content\/uploads\/2025\/10\/cnt_img_001.jpg\" class=\"bg attachment-original size-original\" alt=\"\" \/>\t\t\t\t\t\t<div class=\"section-bg-overlay absolute fill\"><\/div>\n\t\t\t\n\n\t\t<\/div>\n\n\t\t\n\n\t\t<div class=\"section-content relative\">\n\t\t\t\n<div class=\"row align-center\" style=\"max-width:1350px\" id=\"row-1505593264\">\n\n\t<div id=\"col-1221912495\" class=\"col small-12 large-12\"  >\n\t\t\t\t<div class=\"col-inner\"  >\n\t\t\t\n\t\t\t\n\t<div id=\"text-1986736078\" class=\"text\">\n\t\t\n<h1>Nous contacter<\/h1>\n\t\t\n<style>\n#text-1986736078 {\n  font-size: 1.45rem;\n  line-height: 1;\n  text-align: center;\n  color: rgb(255,255,255);\n}\n#text-1986736078 > * {\n  color: rgb(255,255,255);\n}\n@media (min-width:550px) {\n  #text-1986736078 {\n    font-size: 1.95rem;\n  }\n}\n<\/style>\n\t<\/div>\n\t\n\t\t<\/div>\n\t\t\t\t\n<style>\n#col-1221912495 > .col-inner {\n  margin: 0px 0px -40px 0px;\n}\n@media (min-width:550px) {\n  #col-1221912495 > .col-inner {\n    margin: 0px 0px -60px 0px;\n  }\n}\n<\/style>\n\t<\/div>\n\n\t\n<\/div>\n\t\t<\/div>\n\n\t\t\n<style>\n#section_1235147256 {\n  padding-top: 0px;\n  padding-bottom: 0px;\n  min-height: 500px;\n}\n#section_1235147256 .section-bg-overlay {\n  background-color: rgba(0, 0, 0, 0.3);\n}\n@media (min-width:550px) {\n  #section_1235147256 {\n    min-height: 550px;\n  }\n  #section_1235147256 .section-bg-overlay {\n    background-color: rgba(0, 0, 0, 0.3);\n  }\n}\n<\/style>\n\t<\/section>\n\t\n\n\t<section class=\"section\" id=\"section_1299536063\">\n\t\t<div class=\"section-bg fill\" >\n\t\t\t\t\t\t\t\t\t\n\t\t\t\n\n\t\t<\/div>\n\n\t\t\n\n\t\t<div class=\"section-content relative\">\n\t\t\t\n\t<div id=\"gap-1609766931\" class=\"gap-element clearfix\" style=\"display:block; height:auto;\">\n\t\t\n<style>\n#gap-1609766931 {\n  padding-top: 60px;\n}\n@media (min-width:550px) {\n  #gap-1609766931 {\n    padding-top: 90px;\n  }\n}\n<\/style>\n\t<\/div>\n\t\n<div class=\"row\" style=\"max-width:1350px\" id=\"row-1156254074\">\n\n\t<div id=\"col-1595738701\" class=\"col medium-6 small-12 large-6\"  >\n\t\t\t\t<div class=\"col-inner\"  >\n\t\t\t\n\t\t\t\n\t<div id=\"gap-1929473551\" class=\"gap-element clearfix\" style=\"display:block; height:auto;\">\n\t\t\n<style>\n#gap-1929473551 {\n  padding-top: 30px;\n}\n<\/style>\n\t<\/div>\n\t\n\t<div id=\"text-2442263817\" class=\"text\">\n\t\t\n<p>Vous souhaitez vendre ou acheter une propri\u00e9t\u00e9? Faites-nous parvenir vos coordonn\u00e9es ainsi qu\u2019une courte description de vos objectifs, puis Gerlando Baronello vous contactera directement pour organiser une rencontre virtuelle ou en personne.<br \/>\n\t\t\n<style>\n#text-2442263817 {\n  font-size: 1rem;\n  line-height: 2.2;\n  color: rgb(84, 88, 91);\n}\n#text-2442263817 > * {\n  color: rgb(84, 88, 91);\n}\n@media (min-width:550px) {\n  #text-2442263817 {\n    font-size: 1.1rem;\n  }\n}\n<\/style>\n\t<\/div>\n\t\n\n\t<a class=\"plain\" href=\"tel:+1%20514-797-8346\" >\t<div class=\"icon-box featured-box icon-box-left text-left\"  >\n\t\t\t\t\t<div class=\"icon-box-img\" style=\"width: 30px\">\n\t\t\t\t<div class=\"icon\">\n\t\t\t\t\t<div class=\"icon-inner\" >\n\t\t\t\t\t\t<img loading=\"lazy\" decoding=\"async\" width=\"256\" height=\"256\" src=\"https:\/\/groupebaronello.com\/wp-content\/uploads\/2025\/11\/call_new.png\" class=\"attachment-medium size-medium\" alt=\"\" srcset=\"https:\/\/groupebaronello.com\/wp-content\/uploads\/2025\/11\/call_new.png 256w, https:\/\/groupebaronello.com\/wp-content\/uploads\/2025\/11\/call_new-150x150.png 150w\" sizes=\"auto, (max-width: 256px) 100vw, 256px\" \/>\t\t\t\t\t<\/div>\n\t\t\t\t<\/div>\n\t\t\t<\/div>\n\t\t\t\t<div class=\"icon-box-text last-reset\">\n\t\t\t\t\t\t\t\t\t\n<div class=\"row row-collapse\"  id=\"row-776727774\">\n\n\t<div id=\"col-320410380\" class=\"col small-12 large-12\"  >\n\t\t\t\t<div class=\"col-inner\"  >\n\t\t\t\n\t\t\t\n\t<div id=\"text-1591746513\" class=\"text\">\n\t\t\n<p>514-797-8346<\/p>\n\t\t\n<style>\n#text-1591746513 {\n  font-size: 1rem;\n  line-height: 2.2;\n  color: rgb(84, 88, 91);\n}\n#text-1591746513 > * {\n  color: rgb(84, 88, 91);\n}\n@media (min-width:550px) {\n  #text-1591746513 {\n    font-size: 1.1rem;\n  }\n}\n<\/style>\n\t<\/div>\n\t\n\t\t<\/div>\n\t\t\t\t\n<style>\n#col-320410380 > .col-inner {\n  margin: 0px 0px 0px 30px;\n}\n<\/style>\n\t<\/div>\n\n\t\n<\/div>\n\t\t<\/div>\n\t<\/div>\n\t<\/a>\n\t\n\n\t<a class=\"plain\" href=\"mailto:info@groupebaronello.com\" >\t<div class=\"icon-box featured-box icon-box-left text-left\"  >\n\t\t\t\t\t<div class=\"icon-box-img\" style=\"width: 30px\">\n\t\t\t\t<div class=\"icon\">\n\t\t\t\t\t<div class=\"icon-inner\" >\n\t\t\t\t\t\t<img loading=\"lazy\" decoding=\"async\" width=\"256\" height=\"256\" src=\"https:\/\/groupebaronello.com\/wp-content\/uploads\/2025\/11\/mail_new.png\" class=\"attachment-medium size-medium\" alt=\"\" srcset=\"https:\/\/groupebaronello.com\/wp-content\/uploads\/2025\/11\/mail_new.png 256w, https:\/\/groupebaronello.com\/wp-content\/uploads\/2025\/11\/mail_new-150x150.png 150w\" sizes=\"auto, (max-width: 256px) 100vw, 256px\" \/>\t\t\t\t\t<\/div>\n\t\t\t\t<\/div>\n\t\t\t<\/div>\n\t\t\t\t<div class=\"icon-box-text last-reset\">\n\t\t\t\t\t\t\t\t\t\n<div class=\"row row-collapse\"  id=\"row-1927665536\">\n\n\t<div id=\"col-1251458047\" class=\"col small-12 large-12\"  >\n\t\t\t\t<div class=\"col-inner\"  >\n\t\t\t\n\t\t\t\n\t<div id=\"text-2010770260\" class=\"text\">\n\t\t\n<p>info@groupebaronello.com<\/p>\n\t\t\n<style>\n#text-2010770260 {\n  font-size: 1rem;\n  line-height: 2.2;\n  color: rgb(84, 88, 91);\n}\n#text-2010770260 > * {\n  color: rgb(84, 88, 91);\n}\n@media (min-width:550px) {\n  #text-2010770260 {\n    font-size: 1.1rem;\n  }\n}\n<\/style>\n\t<\/div>\n\t\n\t\t<\/div>\n\t\t\t\t\n<style>\n#col-1251458047 > .col-inner {\n  margin: 0px 0px 0px 30px;\n}\n<\/style>\n\t<\/div>\n\n\t\n<\/div>\n\t\t<\/div>\n\t<\/div>\n\t<\/a>\n\t\n\n\t<a class=\"plain\" href=\"https:\/\/maps.app.goo.gl\/D8iwcUk6KWpi4FX3A\" target=\"_blank\" rel=\"noopener\">\t<div class=\"icon-box featured-box icon-box-left text-left\"  >\n\t\t\t\t\t<div class=\"icon-box-img\" style=\"width: 30px\">\n\t\t\t\t<div class=\"icon\">\n\t\t\t\t\t<div class=\"icon-inner\" >\n\t\t\t\t\t\t<img loading=\"lazy\" decoding=\"async\" width=\"256\" height=\"256\" src=\"https:\/\/groupebaronello.com\/wp-content\/uploads\/2025\/11\/pin_new.png\" class=\"attachment-medium size-medium\" alt=\"\" srcset=\"https:\/\/groupebaronello.com\/wp-content\/uploads\/2025\/11\/pin_new.png 256w, https:\/\/groupebaronello.com\/wp-content\/uploads\/2025\/11\/pin_new-150x150.png 150w\" sizes=\"auto, (max-width: 256px) 100vw, 256px\" \/>\t\t\t\t\t<\/div>\n\t\t\t\t<\/div>\n\t\t\t<\/div>\n\t\t\t\t<div class=\"icon-box-text last-reset\">\n\t\t\t\t\t\t\t\t\t\n<div class=\"row row-collapse\"  id=\"row-1580957051\">\n\n\t<div id=\"col-1374180193\" class=\"col small-12 large-12\"  >\n\t\t\t\t<div class=\"col-inner\"  >\n\t\t\t\n\t\t\t\n\t<div id=\"text-1602195206\" class=\"text\">\n\t\t\n<p>4865 Rue Jarry E, Montr\u00e9al, QC H1R 1Y1<\/p>\n\t\t\n<style>\n#text-1602195206 {\n  font-size: 1rem;\n  line-height: 2.2;\n  color: rgb(84, 88, 91);\n}\n#text-1602195206 > * {\n  color: rgb(84, 88, 91);\n}\n@media (min-width:550px) {\n  #text-1602195206 {\n    font-size: 1.1rem;\n  }\n}\n<\/style>\n\t<\/div>\n\t\n\t\t<\/div>\n\t\t\t\t\n<style>\n#col-1374180193 > .col-inner {\n  margin: 0px 0px 0px 30px;\n}\n<\/style>\n\t<\/div>\n\n\t\n<\/div>\n\t\t<\/div>\n\t<\/div>\n\t<\/a>\n\t\n\t\t<\/div>\n\t\t\t\t\n<style>\n#col-1595738701 > .col-inner {\n  padding: 0px 0px 0px 0px;\n}\n@media (min-width:550px) {\n  #col-1595738701 > .col-inner {\n    padding: 0px 61px 0px 0px;\n  }\n}\n<\/style>\n\t<\/div>\n\n\t\n\n\t<div id=\"col-1711269622\" class=\"col medium-6 small-12 large-6\"  >\n\t\t\t\t<div class=\"col-inner\"  >\n\t\t\t\n\t\t\t\n\n<style id=\"wpforms-css-vars-197\">\n\t\t\t\t#wpforms-197 {\n\t\t\t\t--wpforms-field-size-input-height: 43px;\n--wpforms-field-size-input-spacing: 15px;\n--wpforms-field-size-font-size: 16px;\n--wpforms-field-size-line-height: 19px;\n--wpforms-field-size-padding-h: 14px;\n--wpforms-field-size-checkbox-size: 16px;\n--wpforms-field-size-sublabel-spacing: 5px;\n--wpforms-field-size-icon-size: 1;\n--wpforms-label-size-font-size: 16px;\n--wpforms-label-size-line-height: 19px;\n--wpforms-label-size-sublabel-font-size: 14px;\n--wpforms-label-size-sublabel-line-height: 17px;\n--wpforms-button-size-font-size: 17px;\n--wpforms-button-size-height: 41px;\n--wpforms-button-size-padding-h: 15px;\n--wpforms-button-size-margin-top: 10px;\n--wpforms-container-shadow-size-box-shadow: none;\n\t\t\t}\n\t\t\t<\/style><div class=\"wpforms-container wpforms-container-full wpforms-render-modern\" id=\"wpforms-197\"><form id=\"wpforms-form-197\" class=\"wpforms-validate wpforms-form\" data-formid=\"197\" method=\"post\" enctype=\"multipart\/form-data\" action=\"\/fr\/wp-json\/wp\/v2\/pages\/299\" data-token=\"75c97fdb0d73da1d2024ab96666dc004\" data-token-time=\"1776088985\"><noscript class=\"wpforms-error-noscript\">Veuillez activer JavaScript dans votre navigateur pour remplir ce formulaire.<\/noscript><div id=\"wpforms-error-noscript\" style=\"display: none;\">Veuillez activer JavaScript dans votre navigateur pour remplir ce formulaire.<\/div><div class=\"wpforms-field-container\"><div id=\"wpforms-197-field_0-container\" class=\"wpforms-field wpforms-field-name wpforms-one-half wpforms-first\" data-field-id=\"0\"><label class=\"wpforms-field-label wpforms-label-hide\" for=\"wpforms-197-field_0\" aria-hidden=\"false\">Nom <span class=\"wpforms-required-label\" aria-hidden=\"true\">*<\/span><\/label><input type=\"text\" id=\"wpforms-197-field_0\" class=\"wpforms-field-large wpforms-field-required\" name=\"wpforms[fields][0]\" placeholder=\"Nom\" aria-errormessage=\"wpforms-197-field_0-error\" required><\/div><div id=\"wpforms-197-field_1-container\" class=\"wpforms-field wpforms-field-email wpforms-one-half\" data-field-id=\"1\"><label class=\"wpforms-field-label wpforms-label-hide\" for=\"wpforms-197-field_1\" aria-hidden=\"false\">Courriel <span class=\"wpforms-required-label\" aria-hidden=\"true\">*<\/span><\/label><input type=\"email\" id=\"wpforms-197-field_1\" class=\"wpforms-field-large wpforms-field-required\" name=\"wpforms[fields][1]\" placeholder=\"Courriel\" spellcheck=\"false\" aria-errormessage=\"wpforms-197-field_1-error\" required><\/div><div id=\"wpforms-197-field_4-container\" class=\"wpforms-field wpforms-field-text\" data-field-id=\"4\"><label class=\"wpforms-field-label wpforms-label-hide\" for=\"wpforms-197-field_4\" aria-hidden=\"false\">Mati\u00e8re<\/label><input type=\"text\" id=\"wpforms-197-field_4\" class=\"wpforms-field-large\" name=\"wpforms[fields][4]\" placeholder=\"S\u00e9lectionnez la raison de votre message\" aria-errormessage=\"wpforms-197-field_4-error\" ><\/div><div id=\"wpforms-197-field_2-container\" class=\"wpforms-field wpforms-field-textarea\" data-field-id=\"2\"><label class=\"wpforms-field-label wpforms-label-hide\" for=\"wpforms-197-field_2\" aria-hidden=\"false\">Commentaire ou message <span class=\"wpforms-required-label\" aria-hidden=\"true\">*<\/span><\/label><textarea id=\"wpforms-197-field_2\" class=\"wpforms-field-medium wpforms-field-required\" name=\"wpforms[fields][2]\" placeholder=\"Saisissez les d\u00e9tails de votre demande\" aria-errormessage=\"wpforms-197-field_2-error\" required><\/textarea><\/div><\/div><!-- .wpforms-field-container --><div class=\"wpforms-recaptcha-container wpforms-is-turnstile\" ><div class=\"g-recaptcha\" data-sitekey=\"0x4AAAAAAB9ayn6g4rJ-xFlT\" data-action=\"FormID-197\"><\/div><input type=\"text\" name=\"g-recaptcha-hidden\" class=\"wpforms-recaptcha-hidden\" style=\"position:absolute!important;clip:rect(0,0,0,0)!important;height:1px!important;width:1px!important;border:0!important;overflow:hidden!important;padding:0!important;margin:0!important;\" data-rule-turnstile=\"1\"><\/div><div class=\"wpforms-submit-container\" ><input type=\"hidden\" name=\"wpforms[id]\" value=\"197\"><input type=\"hidden\" name=\"page_title\" value=\"\"><input type=\"hidden\" name=\"page_url\" value=\"https:\/\/groupebaronello.com\/fr\/wp-json\/wp\/v2\/pages\/299\"><input type=\"hidden\" name=\"url_referer\" value=\"\"><button type=\"submit\" name=\"wpforms[submit]\" id=\"wpforms-submit-197\" class=\"wpforms-submit\" data-alt-text=\"Sending...\" data-submit-text=\"ENVOYER\" aria-live=\"assertive\" value=\"wpforms-submit\">ENVOYER<\/button><\/div><\/form><\/div>  <!-- .wpforms-container -->\n\n\t\t<\/div>\n\t\t\t\t\t<\/div>\n\n\t\n<\/div>\n\t<div id=\"gap-1023487378\" class=\"gap-element clearfix\" style=\"display:block; height:auto;\">\n\t\t\n<style>\n#gap-1023487378 {\n  padding-top: 30px;\n}\n@media (min-width:550px) {\n  #gap-1023487378 {\n    padding-top: 60px;\n  }\n}\n<\/style>\n\t<\/div>\n\t\n\t\t<\/div>\n\n\t\t\n<style>\n#section_1299536063 {\n  padding-top: 0px;\n  padding-bottom: 0px;\n}\n<\/style>\n\t<\/section>\n\t\n<div class=\"row row-collapse row-full-width\"  id=\"row-1758599258\">\n\n\t<div id=\"col-1359984454\" class=\"col small-12 large-12\"  >\n\t\t\t\t<div class=\"col-inner\"  >\n\t\t\t\n\t\t\t\n\n<p><iframe loading=\"lazy\" src=\"https:\/\/snazzymaps.com\/embed\/754751\" width=\"100%\" height=\"600px\" style=\"border:none;\"><\/iframe><br \/>\n\n\t\t<\/div>\n\t\t\t\t\n<style>\n#col-1359984454 > .col-inner {\n  margin: 0px 0px -30px 0px;\n}\n<\/style>\n\t<\/div>\n\n\t\n<\/div>\n\n\t<section class=\"section sec-overlay\" id=\"section_1545355267\">\n\t\t<div class=\"section-bg fill\" >\n\t\t\t<img loading=\"lazy\" decoding=\"async\" width=\"1920\" height=\"550\" src=\"https:\/\/groupebaronello.com\/wp-content\/uploads\/2025\/11\/gb_homepage_3.jpg\" class=\"bg attachment-original size-original\" alt=\"\" \/>\t\t\t\t\t\t<div class=\"section-bg-overlay absolute fill\"><\/div>\n\t\t\t\n\n\t\t<\/div>\n\n\t\t\n\n\t\t<div class=\"section-content relative\">\n\t\t\t\n\n\t<div id=\"gap-709671267\" class=\"gap-element clearfix hide-for-small\" style=\"display:block; height:auto;\">\n\t\t\n<style>\n#gap-709671267 {\n  padding-top: 60px;\n}\n@media (min-width:550px) {\n  #gap-709671267 {\n    padding-top: 90px;\n  }\n}\n<\/style>\n\t<\/div>\n\t\n\n<div class=\"row align-center\" style=\"max-width:1350px\" id=\"row-1549719176\">\n\n\n\t<div id=\"col-16629223\" class=\"col small-12 large-12\"  >\n\t\t\t\t<div class=\"col-inner\"  >\n\t\t\t\n\t\t\t\n\n\t<div id=\"text-2856163973\" class=\"text\">\n\t\t\n\n<h1>Pr\u00eat pour votre prochain d\u00e9m\u00e9nagement immobilier\u00a0?<\/h1>\n\t\t\n<style>\n#text-2856163973 {\n  font-size: 1.45rem;\n  line-height: 1;\n  text-align: center;\n  color: rgb(255,255,255);\n}\n#text-2856163973 > * {\n  color: rgb(255,255,255);\n}\n@media (min-width:550px) {\n  #text-2856163973 {\n    font-size: 1.95rem;\n  }\n}\n<\/style>\n\t<\/div>\n\t\n\n\t\t<\/div>\n\t\t\t\t\n<style>\n#col-16629223 > .col-inner {\n  padding: 60px 0px 0px 0px;\n  margin: 0px 0px -20px 0px;\n}\n@media (min-width:550px) {\n  #col-16629223 > .col-inner {\n    padding: 80px 0px 0px 0px;\n    margin: 0px 0px -30px 0px;\n  }\n}\n<\/style>\n\t<\/div>\n\n\t\n\n\t<div id=\"col-1646126325\" class=\"col medium-9 small-12 large-9\"  >\n\t\t\t\t<div class=\"col-inner\"  >\n\t\t\t\n\t\t\t\n\n\t<div id=\"text-3621348748\" class=\"text\">\n\t\t\n\n<p>Que vous achetiez, vendiez ou investissiez, commencez par un plan d'action clair. B\u00e9n\u00e9ficiez de conseils d'experts, d'analyses de march\u00e9 et d'une feuille de route personnalis\u00e9e \u00e9tape par \u00e9tape.<\/p>\n<p><strong>\ud83d\udcc5 Commence ici \u2192 <span style=\"text-decoration: underline;\"><span style=\"color: #ffffff;\"><a style=\"color: #ffffff; text-decoration: underline;\" href=\"https:\/\/calendly.com\/groupebaronello\" target=\"_blank\" rel=\"noopener\">R\u00e9servez une consultation gratuite<\/a><\/span><\/span><\/strong><\/p>\n\t\t\n<style>\n#text-3621348748 {\n  font-size: 1rem;\n  line-height: 1.85;\n  text-align: center;\n  color: rgb(255,255,255);\n}\n#text-3621348748 > * {\n  color: rgb(255,255,255);\n}\n@media (min-width:550px) {\n  #text-3621348748 {\n    font-size: 1.1rem;\n  }\n}\n<\/style>\n\t<\/div>\n\t\n\n\t\t<\/div>\n\t\t\t\t\n<style>\n#col-1646126325 > .col-inner {\n  margin: 0px 0px -20px 0px;\n}\n<\/style>\n\t<\/div>\n\n\t\n\n<\/div>\n\t<div id=\"gap-810999876\" class=\"gap-element clearfix\" style=\"display:block; height:auto;\">\n\t\t\n<style>\n#gap-810999876 {\n  padding-top: 30px;\n}\n@media (min-width:550px) {\n  #gap-810999876 {\n    padding-top: 91px;\n  }\n}\n<\/style>\n\t<\/div>\n\t\n\n\n\t\t<\/div>\n\n\t\t\n<style>\n#section_1545355267 {\n  padding-top: 0px;\n  padding-bottom: 0px;\n}\n#section_1545355267 .section-bg-overlay {\n  background-color: rgba(0, 0, 0, 0.4);\n}\n<\/style>\n\t<\/section>\n\t\n","protected":false},"excerpt":{"rendered":"","protected":false},"author":1,"featured_media":0,"parent":0,"menu_order":0,"comment_status":"closed","ping_status":"closed","template":"page-blank.php","meta":{"_acf_changed":false,"footnotes":""},"class_list":["post-299","page","type-page","status-publish","hentry"],"acf":[],"_links":{"self":[{"href":"https:\/\/groupebaronello.com\/fr\/wp-json\/wp\/v2\/pages\/299","targetHints":{"allow":["GET"]}}],"collection":[{"href":"https:\/\/groupebaronello.com\/fr\/wp-json\/wp\/v2\/pages"}],"about":[{"href":"https:\/\/groupebaronello.com\/fr\/wp-json\/wp\/v2\/types\/page"}],"author":[{"embeddable":true,"href":"https:\/\/groupebaronello.com\/fr\/wp-json\/wp\/v2\/users\/1"}],"replies":[{"embeddable":true,"href":"https:\/\/groupebaronello.com\/fr\/wp-json\/wp\/v2\/comments?post=299"}],"version-history":[{"count":20,"href":"https:\/\/groupebaronello.com\/fr\/wp-json\/wp\/v2\/pages\/299\/revisions"}],"predecessor-version":[{"id":4886568,"href":"https:\/\/groupebaronello.com\/fr\/wp-json\/wp\/v2\/pages\/299\/revisions\/4886568"}],"wp:attachment":[{"href":"https:\/\/groupebaronello.com\/fr\/wp-json\/wp\/v2\/media?parent=299"}],"curies":[{"name":"wp","href":"https:\/\/api.w.org\/{rel}","templated":true}]}}